{"id":4183,"date":"2024-10-03T17:07:17","date_gmt":"2024-10-03T15:07:17","guid":{"rendered":"https:\/\/www.nuptiq.com\/politica-de-privacidad\/"},"modified":"2024-11-07T11:41:54","modified_gmt":"2024-11-07T10:41:54","slug":"politica-de-privacitat","status":"publish","type":"page","link":"https:\/\/www.nuptiq.com\/ca\/politica-de-privacitat\/","title":{"rendered":"Pol\u00edtica de Privacitat"},"content":{"rendered":"\t\t<div data-elementor-type=\"wp-page\" data-elementor-id=\"4183\" class=\"elementor elementor-4183 elementor-3938\" data-elementor-post-type=\"page\">\n\t\t\t\t\t\t<div class=\"elementor-section elementor-top-section elementor-element elementor-element-91e5978 p-t-xxl p-b-xxl elementor-reverse-tablet elementor-reverse-mobile elementor-section-boxed elementor-section-height-default elementor-section-height-default\" data-id=\"91e5978\" data-element_type=\"section\" data-e-type=\"section\">\r\n\t\t\r\n\t\t\t\t\t\t\t<div class=\"elementor-container elementor-column-gap-default\">\r\n\t\t\t\t\t\t\t\t\t\t\t<div class=\"elementor-column elementor-col-100 elementor-top-column elementor-element elementor-element-635ee03\" data-id=\"635ee03\" data-element_type=\"column\" data-e-type=\"column\">\r\n\t\t\t\t\t<div class=\"elementor-widget-wrap elementor-element-populated\">\r\n\t\t\t\t\t\t\t\t<div class=\"elementor-element elementor-element-85d11ec texto-legal elementor-widget elementor-widget-text-editor\" data-id=\"85d11ec\" data-element_type=\"widget\" data-e-type=\"widget\" data-widget_type=\"text-editor.default\">\n\t\t\t\t<div class=\"elementor-widget-container\">\n\t\t\t\t\t\t\t\t\t<div class=\"elementor-element elementor-element-92f5d74 elementor-widget elementor-widget-heading\" data-id=\"92f5d74\" data-element_type=\"widget\" data-widget_type=\"heading.default\"><p>A Nuptiq ens preocupem per la privacitat i la transpar\u00e8ncia.<\/p><p>A continuaci\u00f3, li indiquem en detall els tractaments de dades personals que realitzem, aix\u00ed com tota la informaci\u00f3 relativa als mateixos.<\/p><p>\u00a0<\/p><h4>Qui \u00e9s el responsable del tractament de les seves dades?<\/h4><ul><li>Entitat: DO WHILE STUDIO SL \u2013 NIF: B65303687<\/li><li>Adre\u00e7a postal: Cam\u00ed Can Amat, 3 C &#8211; 08228 Terrassa &#8211; Barcelona<\/li><li>Tel\u00e8fon: <a href=\"tel:937898038\">937898038<\/a><\/li><li>Correu electr\u00f2nic: <a href=\"mailto:info@dowhilestudio.com\" rel=\"noopener\">info@dowhilestudio.com<\/a><\/li><\/ul><p>\u00a0<\/p><h4>Quins s\u00f3n els seus drets quan ens facilita les seves dades?<\/h4><p>Qualsevol persona t\u00e9 dret a obtenir confirmaci\u00f3 sobre si a DO WHILE STUDIO SL estem tractant, o no, dades personals que els concerneixin.<\/p><p>Les persones interessades tenen dret a accedir a les seves dades personals, aix\u00ed com a sol\u00b7licitar la rectificaci\u00f3 de les dades inexactes o, si escau, sol\u00b7licitar-ne la supressi\u00f3 quan, entre altres motius, les dades ja no siguin necess\u00e0ries per a les finalitats per a les quals van ser recollides. Igualment, t\u00e9 dret a la portabilitat de les seves dades.<\/p><p>En determinades circumst\u00e0ncies, els interessats podran sol\u00b7licitar la limitaci\u00f3 del tractament de les seves dades, en aquest cas \u00fanicament les conservarem per a l&#8217;exercici o la defensa de reclamacions.<\/p><p>En determinades circumst\u00e0ncies i per motius relacionats amb la seva situaci\u00f3 particular, els interessats podran oposar-se al tractament de les seves dades. En aquest cas, DO WHILE STUDIO SL deixar\u00e0 de tractar les dades, llevat per motius leg\u00edtims imperiosos, o per l&#8217;exercici o la defensa de possibles reclamacions.<\/p><p>Podr\u00e0 exercir materialment els seus drets de la seg\u00fcent forma: dirigint-se al responsable del tractament.<\/p><p>Quan es realitzi l&#8217;enviament de comunicacions comercials utilitzant com a base jur\u00eddica l&#8217;inter\u00e8s leg\u00edtim del responsable, l&#8217;interessat podr\u00e0 oposar-se al tractament de les seves dades amb aquesta finalitat.<\/p><p>Si ha atorgat el seu consentiment per a alguna finalitat concreta, t\u00e9 dret a retirar el consentiment atorgat en qualsevol moment, sense que aix\u00f2 afecti la licitud del tractament basat en el consentiment previ a la seva retirada.<\/p><p>Les dades de car\u00e0cter personal que sol\u00b7licitem s\u00f3n imprescindibles per atendre la seva sol\u00b7licitud, resoldre q\u00fcestions plantejades i prestar els serveis contractats. En cas de no facilitar tota la informaci\u00f3 necess\u00e0ria, no podrem atendre la seva sol\u00b7licitud, ni enviar la informaci\u00f3 sol\u00b7licitada ni prestar els serveis en qu\u00e8 el titular de les dades estigui interessat.<\/p><p>En cas que senti vulnerats els seus drets en all\u00f2 que concerneix la protecci\u00f3 de les seves dades personals, especialment quan no hagi obtingut satisfacci\u00f3 en l&#8217;exercici dels seus drets, pot presentar una reclamaci\u00f3 davant l&#8217;Autoritat de Control en mat\u00e8ria de Protecci\u00f3 de Dades competent a trav\u00e9s del seu lloc web: <a href=\"http:\/\/www.agpd.es\" target=\"_new\" rel=\"noopener\">www.agpd.es<\/a>.<\/p><p>\u00a0<\/p><h2><strong>1. Tractament de les dades personals de potencials clients i contactes via web<\/strong><\/h2><h4>Amb quina finalitat tractem les seves dades personals?<\/h4><p>A DO WHILE STUDIO SL tractem la informaci\u00f3 que ens faciliten les persones interessades amb la finalitat d&#8217;atendre la seva sol\u00b7licitud i enviar-li comunicacions comercials, aix\u00ed com els nostres butlletins. En cas que no faciliti les seves dades personals, no podrem complir amb les funcionalitats descrites anteriorment.<\/p><p>No es prendran decisions automatitzades en base a les dades proporcionades.<\/p><h4>Per quant de temps conservarem les seves dades?<\/h4><p>Les dades es conservaran mentre l&#8217;interessat no en sol\u00b7liciti la supressi\u00f3.<\/p><h4>Quina \u00e9s la legitimaci\u00f3 per al tractament de les seves dades?<\/h4><p>Li indiquem la base legal per al tractament de les seves dades:<\/p><ul><li>Execuci\u00f3 d&#8217;un contracte: Atendre la seva sol\u00b7licitud.<\/li><li>Consentiment de l&#8217;interessat: Enviar-li comunicacions comercials, aix\u00ed com els nostres butlletins.<\/li><\/ul><h4>A quins destinataris es comunicaran les seves dades?<\/h4><p>No es cediran dades a tercers, excepte obligaci\u00f3 legal.<\/p><h4>Transfer\u00e8ncies de dades a tercers pa\u00efsos<\/h4><p>No estan previstes transfer\u00e8ncies de dades a tercers pa\u00efsos.<\/p><p>\u00a0<\/p><h2><strong>2. Tractament de les dades personals dels contactes de correu electr\u00f2nic<\/strong><\/h2><h4>Amb quina finalitat tractem les seves dades personals?<\/h4><p>A DO WHILE STUDIO SL tractem la informaci\u00f3 que ens faciliten les persones interessades amb la finalitat de prestar-li els serveis que ens ha sol\u00b7licitat, atendre les seves sol\u00b7licituds d&#8217;informaci\u00f3 i enviar-li comunicacions comercials. En cas que no faciliti les seves dades personals, no podrem complir amb les funcionalitats descrites anteriorment.<\/p><p>No es prendran decisions automatitzades en base a les dades proporcionades.<\/p><h4>Per quant de temps conservarem les seves dades?<\/h4><p>Les dades es conservaran mentre l&#8217;interessat no en sol\u00b7liciti la supressi\u00f3.<\/p><h4>Quina \u00e9s la legitimaci\u00f3 per al tractament de les seves dades?<\/h4><p>Li indiquem la base legal per al tractament de les seves dades:<\/p><ul><li>Execuci\u00f3 de contracte: Atendre la seva sol\u00b7licitud.<\/li><li>Inter\u00e8s leg\u00edtim del responsable: Enviament de comunicacions comercials sobre els nostres serveis i\/o productes.<\/li><li>Consentiment de l&#8217;interessat: Enviament de comunicacions comercials sobre els nostres serveis en base a sol\u00b7licituds pr\u00e8vies mantingudes amb el responsable del tractament.<\/li><\/ul><h4>A quins destinataris es comunicaran les seves dades?<\/h4><p>No es cediran dades a tercers, excepte obligaci\u00f3 legal.<\/p><h4>Transfer\u00e8ncies de dades a tercers pa\u00efsos<\/h4><p>No estan previstes transfer\u00e8ncies de dades a tercers pa\u00efsos.<\/p><\/div>\t\t\t\t\t\t\t\t<\/div>\n\t\t\t\t<\/div>\n\t\t\t\t\t<\/div>\r\n\t\t\t\t<\/div>\r\n\t\t\t\t\t<\/div>\r\n\t\t\t\t<\/div>\r\n\t\t\t\t<\/div>\n\t\t","protected":false},"excerpt":{"rendered":"<p>A Nuptiq ens preocupem per la privacitat i la transpar\u00e8ncia. A continuaci\u00f3, li indiquem en detall els tractaments de dades personals que realitzem, aix\u00ed com tota la informaci\u00f3 relativa als mateixos. \u00a0 Qui \u00e9s el responsable del tractament de les seves dades? Entitat: DO WHILE STUDIO SL \u2013 NIF: B65303687 Adre\u00e7a postal: Cam\u00ed Can Amat, [&hellip;]<\/p>\n","protected":false},"author":1,"featured_media":0,"parent":0,"menu_order":2,"comment_status":"closed","ping_status":"closed","template":"","meta":{"footnotes":""},"class_list":["post-4183","page","type-page","status-publish","hentry"],"aioseo_notices":[],"_links":{"self":[{"href":"https:\/\/www.nuptiq.com\/ca\/wp-json\/wp\/v2\/pages\/4183","targetHints":{"allow":["GET"]}}],"collection":[{"href":"https:\/\/www.nuptiq.com\/ca\/wp-json\/wp\/v2\/pages"}],"about":[{"href":"https:\/\/www.nuptiq.com\/ca\/wp-json\/wp\/v2\/types\/page"}],"author":[{"embeddable":true,"href":"https:\/\/www.nuptiq.com\/ca\/wp-json\/wp\/v2\/users\/1"}],"replies":[{"embeddable":true,"href":"https:\/\/www.nuptiq.com\/ca\/wp-json\/wp\/v2\/comments?post=4183"}],"version-history":[{"count":4,"href":"https:\/\/www.nuptiq.com\/ca\/wp-json\/wp\/v2\/pages\/4183\/revisions"}],"predecessor-version":[{"id":4455,"href":"https:\/\/www.nuptiq.com\/ca\/wp-json\/wp\/v2\/pages\/4183\/revisions\/4455"}],"wp:attachment":[{"href":"https:\/\/www.nuptiq.com\/ca\/wp-json\/wp\/v2\/media?parent=4183"}],"curies":[{"name":"wp","href":"https:\/\/api.w.org\/{rel}","templated":true}]}}