{"id":4181,"date":"2024-10-03T17:13:32","date_gmt":"2024-10-03T15:13:32","guid":{"rendered":"https:\/\/www.nuptiq.com\/politica-de-cookies\/"},"modified":"2024-11-07T11:46:22","modified_gmt":"2024-11-07T10:46:22","slug":"politica-de-cookies","status":"publish","type":"page","link":"https:\/\/www.nuptiq.com\/ca\/politica-de-cookies\/","title":{"rendered":"Pol\u00edtica de Cookies"},"content":{"rendered":"\t\t<div data-elementor-type=\"wp-page\" data-elementor-id=\"4181\" class=\"elementor elementor-4181 elementor-3951\" data-elementor-post-type=\"page\">\n\t\t\t\t\t\t<div class=\"elementor-section elementor-top-section elementor-element elementor-element-91e5978 p-t-xxl p-b-xxl elementor-reverse-tablet elementor-reverse-mobile elementor-section-boxed elementor-section-height-default elementor-section-height-default\" data-id=\"91e5978\" data-element_type=\"section\" data-e-type=\"section\">\r\n\t\t\r\n\t\t\t\t\t\t\t<div class=\"elementor-container elementor-column-gap-default\">\r\n\t\t\t\t\t\t\t\t\t\t\t<div class=\"elementor-column elementor-col-100 elementor-top-column elementor-element elementor-element-635ee03\" data-id=\"635ee03\" data-element_type=\"column\" data-e-type=\"column\">\r\n\t\t\t\t\t<div class=\"elementor-widget-wrap elementor-element-populated\">\r\n\t\t\t\t\t\t\t\t<div class=\"elementor-element elementor-element-85d11ec texto-legal elementor-widget elementor-widget-text-editor\" data-id=\"85d11ec\" data-element_type=\"widget\" data-e-type=\"widget\" data-widget_type=\"text-editor.default\">\n\t\t\t\t<div class=\"elementor-widget-container\">\n\t\t\t\t\t\t\t\t\t<div class=\"elementor-element elementor-element-92f5d74 elementor-widget elementor-widget-heading\" data-id=\"92f5d74\" data-element_type=\"widget\" data-widget_type=\"heading.default\"><h2>Qu\u00e8 s\u00f3n les cookies?<\/h2><p>Aquest lloc web utilitza cookies i\/o tecnologies similars que emmagatzemen i recuperen informaci\u00f3 quan navegues. En general, aquestes tecnologies poden servir per a finalitats molt diverses, com ara recon\u00e8ixer-te com a usuari, obtenir informaci\u00f3 sobre els teus h\u00e0bits de navegaci\u00f3 o personalitzar la forma en qu\u00e8 es mostra el contingut. Els usos concrets que fem d\u2019aquestes tecnologies es descriuen a continuaci\u00f3.<\/p><p>\u00a0<\/p><h2>Per a qu\u00e8 utilitza les cookies aquesta p\u00e0gina web i quines s\u00f3n?<\/h2><p>Aquesta p\u00e0gina web utilitza cookies per a diverses finalitats, incloses:<\/p><ul><li><strong>D\u2019an\u00e0lisi:<\/strong> s\u00f3n aquelles cookies que, tractades per nosaltres o per tercers, ens permeten quantificar el nombre d&#8217;usuaris i aix\u00ed realitzar la mesura i an\u00e0lisi estad\u00edstica de la utilitzaci\u00f3 que fan els usuaris del servei. Per a aix\u00f2 s\u2019analitza la seva navegaci\u00f3 a la nostra p\u00e0gina web amb l&#8217;objectiu de millorar l&#8217;experi\u00e8ncia de l&#8217;usuari.<\/li><li><strong>Publicitat comportamental:<\/strong> s\u00f3n aquelles cookies que, tractades per nosaltres o per tercers, permeten analitzar els h\u00e0bits de navegaci\u00f3 dels usuaris a Internet per mostrar-los publicitat relacionada amb el seu perfil de navegaci\u00f3.<\/li><li><strong>Personalitzaci\u00f3 o prefer\u00e8ncia:<\/strong> s\u00f3n aquelles que permeten a l&#8217;usuari accedir al servei amb algunes caracter\u00edstiques de car\u00e0cter general predefinides en funci\u00f3 d&#8217;una s\u00e8rie de criteris en el terminal de l&#8217;usuari, com per exemple l\u2019aspecte que t\u00e9, el seu idioma preferit o la regi\u00f3 en la qual es troba.<\/li><li><strong>T\u00e8cnica o necess\u00e0ria:<\/strong> les cookies necess\u00e0ries ajuden a fer una p\u00e0gina web utilitzable activant funcions b\u00e0siques com la navegaci\u00f3 a la p\u00e0gina i l\u2019acc\u00e9s a \u00e0rees segures de la p\u00e0gina web. Permeten, per exemple, controlar el tr\u00e0nsit i la comunicaci\u00f3 de dades, accedir a parts d&#8217;acc\u00e9s restringit, utilitzar elements de seguretat, emmagatzemar continguts per poder difondre v\u00eddeos o compartir continguts a trav\u00e9s de xarxes socials. La p\u00e0gina web no pot funcionar adequadament sense aquestes cookies.<\/li><\/ul><p>La identificaci\u00f3 de qui utilitza les cookies d&#8217;aquest lloc web, aix\u00ed com els detalls de les mateixes, s&#8217;indiquen a continuaci\u00f3:<\/p><p>Aquesta p\u00e0gina web utilitza cookies. Les cookies d&#8217;aquest lloc web s&#8217;utilitzen per personalitzar el contingut i els anuncis, oferir funcions de xarxes socials i analitzar el tr\u00e0nsit. A m\u00e9s, compartim informaci\u00f3 sobre l&#8217;\u00fas que faci del lloc web amb els nostres socis de xarxes socials, publicitat i an\u00e0lisi web, que poden combinar-la amb altra informaci\u00f3 que els hagi proporcionat o que hagin recopilat a partir de l&#8217;\u00fas que hagi fet dels seus serveis.<\/p><p>Les cookies s\u00f3n petits arxius de text que les p\u00e0gines web poden utilitzar per fer m\u00e9s eficient l&#8217;experi\u00e8ncia de l&#8217;usuari.<\/p><p>La llei afirma que podem emmagatzemar cookies al seu dispositiu si s\u00f3n estrictament necess\u00e0ries per al funcionament d\u2019aquesta p\u00e0gina. Per a tots els altres tipus de cookies necessitem el seu perm\u00eds.<\/p><p>Aquesta p\u00e0gina utilitza diferents tipus de cookies. Algunes cookies s\u00f3n col\u00b7locades per serveis de tercers que apareixen a les nostres p\u00e0gines.<\/p><p>En qualsevol moment pot canviar o retirar el seu consentiment des de la Declaraci\u00f3 de cookies al nostre lloc web.<\/p><p>Obtingui m\u00e9s informaci\u00f3 sobre qui som, com pot contactar-nos i com processem les dades personals a la nostra Pol\u00edtica de privacitat.<\/p><p>Quan es posi en contacte amb nosaltres respecte al seu consentiment, si us plau, indiqui l&#8217;ID i la data del seu consentiment.<\/p><p>El seu consentiment s\u2019aplica als seg\u00fcents dominis: <a href=\"http:\/\/www.nuptiq.com\" target=\"_new\" rel=\"noopener\">www.nuptiq.com<\/a><\/p><div><div class=\"CookieDeclaration\" dir=\"ltr\" lang=\"es\">\u00a0<\/div><\/div><\/div><p>\u00a0<\/p><p><script id=\"CookieDeclaration\" src=\"https:\/\/consent.cookiebot.com\/c2757796-10e8-4709-b098-738729f75e1f\/cd.js\" type=\"text\/javascript\" async><\/script><\/p><p>\u00a0<\/p><p><strong>Nota:<\/strong> Les cookies de tipus &#8216;Pr\u00f2pies&#8217; s\u00f3n utilitzades nom\u00e9s pel propietari d\u2019aquesta web i les cookies &#8216;De tercers&#8217; s\u00f3n utilitzades pel prestador del servei que est\u00e0 detallat a la taula anterior.<\/p><p>Pot informar-se sobre les transfer\u00e8ncies a tercers pa\u00efsos que, si escau, realitzen els tercers identificats en aquesta pol\u00edtica de cookies a les seves corresponents pol\u00edtiques (veure els enlla\u00e7os facilitats a l&#8217;apartat &#8216;M\u00e9s informaci\u00f3&#8217; de la taula anterior).<\/p><p>\u00a0<\/p><h2>Com puc desactivar o eliminar aquestes cookies?<\/h2><p>Pot permetre o bloquejar les cookies, aix\u00ed com esborrar les seves dades de navegaci\u00f3 (incloses les cookies) des del navegador que utilitzi. Consulti les opcions i instruccions que ofereix el seu navegador per a aix\u00f2. Tingui en compte que si accepta les cookies de tercers, haur\u00e0 d\u2019eliminar-les des de les opcions del navegador o des del sistema ofert pel mateix tercer.<\/p><p>A continuaci\u00f3, t\u00e9 disponibles els enlla\u00e7os amb la informaci\u00f3 per gestionar les cookies dels navegadors m\u00e9s utilitzats:<\/p><p><strong>Firefox<\/strong><\/p><p><a class=\"privacy-cookies-link\" href=\"https:\/\/support.mozilla.org\/es\/kb\/habilitar-y-deshabilitar-cookies-que-los-sitios-we\" target=\"_blank\" rel=\"noopener\">https:\/\/support.mozilla.org\/es\/kb\/habilitar-y-deshabilitar-cookies-que-los-sitios-we<\/a><\/p><p><strong>Chrome<\/strong><\/p><p><a class=\"privacy-cookies-link\" href=\"https:\/\/support.google.com\/chrome\/bin\/answer.py?hl=es&amp;answer=95647\" target=\"_blank\" rel=\"noopener\">https:\/\/support.google.com\/chrome\/bin\/answer.py?hl=es&amp;answer=95647<\/a><\/p><p><strong>Internet Explorer<\/strong><\/p><p><a class=\"privacy-cookies-link\" href=\"https:\/\/support.microsoft.com\/es-es\/help\/278835\/how-to-delete-cookie-files-in-internet-explorer\" target=\"_blank\" rel=\"noopener\"><span lang=\"en-US\">https:\/\/support.microsoft.com\/es-es\/help\/278835\/how-to-delete-cookie-files-in-internet-explorer<\/span><\/a><\/p><p><strong>Microsoft Edge<\/strong><\/p><p><a class=\"privacy-cookies-link\" href=\"https:\/\/support.microsoft.com\/es-es\/help\/4027947\/microsoft-edge-delete-cookies\" target=\"_blank\" rel=\"noopener\"><span lang=\"en-US\">https:\/\/support.microsoft.com\/es-es\/help\/4027947\/microsoft-edge-delete-cookies<\/span><\/a><\/p><p><strong>Safari<\/strong><\/p><p><a class=\"privacy-cookies-link\" href=\"https:\/\/support.apple.com\/kb\/ph5042\" target=\"_blank\" rel=\"noopener\"><span lang=\"en-US\">https:\/\/support.apple.com\/kb\/ph5042<\/span><\/a><\/p><p><strong>Opera<\/strong><\/p><p><a class=\"privacy-cookies-link\" href=\"https:\/\/help.opera.com\/Windows\/11.50\/es-ES\/cookies.html\" target=\"_blank\" rel=\"noopener\"><span lang=\"en-US\">https:\/\/help.opera.com\/Windows\/11.50\/es-ES\/cookies.html<\/span><\/a><\/p><p><strong>Altres navegadors<\/strong><\/p><p>Consulte la documentaci\u00f3n del navegador que tenga instalado.<\/p><p>\u00a0<\/p><h2>Complement de desactivaci\u00f3 per a navegadors de Google Analytics<\/h2><p>Si desitja rebutjar les cookies anal\u00edtiques de Google Analytics en tots els navegadors, de manera que no s\u2019envi\u00ef informaci\u00f3 seva a Google Analytics, pot descarregar un complement que realitza aquesta funci\u00f3 des d\u2019aquest enlla\u00e7: <a href=\"https:\/\/tools.google.com\/dlpage\/gaoptout\" target=\"_new\" rel=\"noopener\">https:\/\/tools.google.com\/dlpage\/gaoptout<\/a>.<\/p><p>\u00a0<\/p>\t\t\t\t\t\t\t\t<\/div>\n\t\t\t\t<\/div>\n\t\t\t\t\t<\/div>\r\n\t\t\t\t<\/div>\r\n\t\t\t\t\t<\/div>\r\n\t\t\t\t<\/div>\r\n\t\t\t\t<\/div>\n\t\t","protected":false},"excerpt":{"rendered":"<p>Qu\u00e8 s\u00f3n les cookies? Aquest lloc web utilitza cookies i\/o tecnologies similars que emmagatzemen i recuperen informaci\u00f3 quan navegues. En general, aquestes tecnologies poden servir per a finalitats molt diverses, com ara recon\u00e8ixer-te com a usuari, obtenir informaci\u00f3 sobre els teus h\u00e0bits de navegaci\u00f3 o personalitzar la forma en qu\u00e8 es mostra el contingut. Els [&hellip;]<\/p>\n","protected":false},"author":1,"featured_media":0,"parent":0,"menu_order":3,"comment_status":"closed","ping_status":"closed","template":"","meta":{"footnotes":""},"class_list":["post-4181","page","type-page","status-publish","hentry"],"aioseo_notices":[],"_links":{"self":[{"href":"https:\/\/www.nuptiq.com\/ca\/wp-json\/wp\/v2\/pages\/4181","targetHints":{"allow":["GET"]}}],"collection":[{"href":"https:\/\/www.nuptiq.com\/ca\/wp-json\/wp\/v2\/pages"}],"about":[{"href":"https:\/\/www.nuptiq.com\/ca\/wp-json\/wp\/v2\/types\/page"}],"author":[{"embeddable":true,"href":"https:\/\/www.nuptiq.com\/ca\/wp-json\/wp\/v2\/users\/1"}],"replies":[{"embeddable":true,"href":"https:\/\/www.nuptiq.com\/ca\/wp-json\/wp\/v2\/comments?post=4181"}],"version-history":[{"count":4,"href":"https:\/\/www.nuptiq.com\/ca\/wp-json\/wp\/v2\/pages\/4181\/revisions"}],"predecessor-version":[{"id":4459,"href":"https:\/\/www.nuptiq.com\/ca\/wp-json\/wp\/v2\/pages\/4181\/revisions\/4459"}],"wp:attachment":[{"href":"https:\/\/www.nuptiq.com\/ca\/wp-json\/wp\/v2\/media?parent=4181"}],"curies":[{"name":"wp","href":"https:\/\/api.w.org\/{rel}","templated":true}]}}